{"id":12934,"date":"2026-03-27T09:34:54","date_gmt":"2026-03-27T08:34:54","guid":{"rendered":"https:\/\/fundaciohospitalariesmartorell.org\/entre-tots\/?page_id=12934"},"modified":"2026-03-27T11:43:02","modified_gmt":"2026-03-27T10:43:02","slug":"2026_03_entre-companys","status":"publish","type":"page","link":"https:\/\/fundaciohospitalariesmartorell.org\/entre-tots\/2026_03_entre-companys\/","title":{"rendered":"2026_03_Entre companys"},"content":{"rendered":"\n<div class=\"wp-block-ugb-heading ugb-heading ugb-fc2a6dd ugb-main-block\" id=\"benvingut\"><style>.ugb-fc2a6dd .ugb-heading__title{text-align:center;margin-bottom:0px !important}.ugb-fc2a6dd .ugb-heading__subtitle{font-family:\"Barlow\",Sans-serif !important;font-size:31px !important;line-height:1em !important;margin-bottom:28px !important}.ugb-fc2a6dd .ugb-heading__top-line{background-color:var(--theme-palette-color-1,#8c124e) !important;margin-left:auto !important;margin-right:auto !important;margin-bottom:14px !important}.ugb-fc2a6dd .ugb-inner-block{text-align:center}@media screen and (min-width:768px){.ugb-fc2a6dd.ugb-heading{margin-top:50px !important}}<\/style><div class=\"ugb-inner-block\"><div class=\"ugb-block-content\"><div class=\"ugb-heading__top-line\"><\/div><h1 class=\"ugb-heading__title\">Benvingut\/da!<\/h1><p class=\"ugb-heading__subtitle\">Aquest mes s&#8217;incorporen a l&#8217;equip de la Fundaci\u00f3 Hospital\u00e0ries Martorell\u2026<\/p><\/div><\/div><\/div>\n\n\n\n<div class=\"aligncenter wp-block-ugb-feature ugb-feature ugb-6cdf656 ugb-feature--v2 ugb-feature--design-basic ugb-main-block\"><style>.ugb-6cdf656 .ugb-img{border-radius:8px}.ugb-6cdf656 .ugb-feature__title{color:var(--theme-palette-color-1,#8c124e)}@media screen and (min-width:768px){.ugb-6cdf656 .ugb-feature__item{grid-template-columns:1.42fr 0.58fr !important}.ugb-6cdf656 .ugb-img{border-radius:8px;width:260px;height:auto !important}}<\/style><div class=\"ugb-inner-block\"><div class=\"ugb-block-content\"><div class=\"ugb-feature__item\"><div class=\"ugb-feature__content\"><h3 class=\"ugb-feature__title\">Aina Galvis Vallejo<\/h3><p class=\"ugb-feature__description\"><strong>Auxiliar d&#8217;Infermeria &#8211; Unitat de Diversitat Funcional (UDF)<\/strong><br><br>\u201cLo m\u00e1s gratificante de incorporarme a la Fundaci\u00f3n Hospitalarias es sentir que cada peque\u00f1a acci\u00f3n contribuye al bienestar y a la dignidad de las personas.\u201d<\/p><\/div><div class=\"ugb-feature__image-side\"><img decoding=\"async\" class=\"ugb-feature__image ugb-img wp-image-12927 ugb-image--shape-stretch ugb--shadow-2\" src=\"https:\/\/fundaciohospitalariesmartorell.org\/entre-tots\/wp-content\/uploads\/2026\/03\/GALVIS-VALLEJO-AINA.jpg\" alt=\"\" title=\"\" height=\"344\" srcset=\"https:\/\/fundaciohospitalariesmartorell.org\/entre-tots\/wp-content\/uploads\/2026\/03\/GALVIS-VALLEJO-AINA.jpg 260w, https:\/\/fundaciohospitalariesmartorell.org\/entre-tots\/wp-content\/uploads\/2026\/03\/GALVIS-VALLEJO-AINA-227x300.jpg 227w\" sizes=\"(max-width: 260px) 100vw, 260px\" \/><\/div><\/div><\/div><\/div><\/div>\n\n\n\n<div class=\"aligncenter wp-block-ugb-feature ugb-feature ugb-295c43d ugb-feature--v2 ugb-feature--design-basic ugb-feature--invert ugb-main-block\"><style>.ugb-295c43d .ugb-img{border-radius:8px}.ugb-295c43d .ugb-feature__title{color:var(--theme-palette-color-1,#8c124e)}@media screen and (min-width:768px){.ugb-295c43d .ugb-feature__item{grid-template-columns:0.58fr 1.42fr !important}.ugb-295c43d .ugb-img{border-radius:8px;width:261px;height:auto !important}}<\/style><div class=\"ugb-inner-block\"><div class=\"ugb-block-content\"><div class=\"ugb-feature__item\"><div class=\"ugb-feature__content\"><h3 class=\"ugb-feature__title\">Santiago Burriel G\u00f3mez<\/h3><p class=\"ugb-feature__description\"><strong>Auxiliar d&#8217;Infermeria &#8211; Unitat de Diversitat Funcional (UDF)<\/strong><br><br>\u201cEstoy orgulloso de ser parte de este proyecto e ilusionado de aprender y sumar.\u201d<\/p><\/div><div class=\"ugb-feature__image-side\"><img decoding=\"async\" class=\"ugb-feature__image ugb-img wp-image-12926 ugb-image--shape-stretch ugb--shadow-2\" src=\"https:\/\/fundaciohospitalariesmartorell.org\/entre-tots\/wp-content\/uploads\/2026\/03\/BURRIEL-GOMEZ-SANTIAGO.jpg\" alt=\"\" title=\"\" height=\"341\" srcset=\"https:\/\/fundaciohospitalariesmartorell.org\/entre-tots\/wp-content\/uploads\/2026\/03\/BURRIEL-GOMEZ-SANTIAGO.jpg 261w, https:\/\/fundaciohospitalariesmartorell.org\/entre-tots\/wp-content\/uploads\/2026\/03\/BURRIEL-GOMEZ-SANTIAGO-230x300.jpg 230w\" sizes=\"(max-width: 261px) 100vw, 261px\" \/><\/div><\/div><\/div><\/div><\/div>\n\n\n\n<div class=\"aligncenter wp-block-ugb-feature ugb-feature ugb-23e45b1 ugb-feature--v2 ugb-feature--design-basic ugb-main-block\"><style>.ugb-23e45b1 .ugb-img{border-radius:8px}.ugb-23e45b1 .ugb-feature__title{color:var(--theme-palette-color-1,#8c124e)}@media screen and (min-width:768px){.ugb-23e45b1 .ugb-feature__item{grid-template-columns:1.42fr 0.58fr !important}.ugb-23e45b1 .ugb-img{border-radius:8px;width:149px;height:auto !important}}<\/style><div class=\"ugb-inner-block\"><div class=\"ugb-block-content\"><div class=\"ugb-feature__item\"><div class=\"ugb-feature__content\"><h3 class=\"ugb-feature__title\">David Andr\u00e9s Rinc\u00f3n Salazar<\/h3><p class=\"ugb-feature__description\"><strong>Metge Psiquiatra &#8211; CSMA Vilafranca del Pened\u00e8s<\/strong><br><br>&#8220;Formar parte de esta instituci\u00f3n supone un reto profesional motivador y sobre todo un compromiso personal con el bienestar de las personas a las que cuidamos.\u201d<\/p><\/div><div class=\"ugb-feature__image-side\"><img decoding=\"async\" class=\"ugb-feature__image ugb-img wp-image-12928 ugb-image--shape-stretch ugb--shadow-2\" src=\"https:\/\/fundaciohospitalariesmartorell.org\/entre-tots\/wp-content\/uploads\/2026\/03\/RINCON-SALAZAR-DAVID-ANDRES.jpg\" alt=\"\" title=\"\" height=\"193\"\/><\/div><\/div><\/div><\/div><\/div>\n\n\n\n<div class=\"aligncenter wp-block-ugb-feature ugb-feature ugb-c26a67d ugb-feature--v2 ugb-feature--design-basic ugb-feature--invert ugb-main-block\"><style>.ugb-c26a67d .ugb-img{border-radius:8px}.ugb-c26a67d .ugb-feature__title{color:var(--theme-palette-color-1,#8c124e)}@media screen and (min-width:768px){.ugb-c26a67d .ugb-feature__item{grid-template-columns:0.58fr 1.42fr !important}.ugb-c26a67d .ugb-img{border-radius:8px;width:261px;height:auto !important}}<\/style><div class=\"ugb-inner-block\"><div class=\"ugb-block-content\"><div class=\"ugb-feature__item\"><div class=\"ugb-feature__content\"><h3 class=\"ugb-feature__title\">Laura Tauste Mart\u00ednez<\/h3><p class=\"ugb-feature__description\"><strong>Infermera &#8211; \u00c0rea de Salut Mental<\/strong><br><br>&#8220;Me siento muy agradecida de esta nueva etapa en mi vida profesional. Para mi volver a Fundaci\u00f3 Hospital\u00e0ries es un reto positivo en todos los aspectos tanto laboral como personal. Muchas gracias por la oportunidad dada.\u201d<\/p><\/div><div class=\"ugb-feature__image-side\"><img decoding=\"async\" class=\"ugb-feature__image ugb-img wp-image-12929 ugb-image--shape-stretch ugb--shadow-2\" src=\"https:\/\/fundaciohospitalariesmartorell.org\/entre-tots\/wp-content\/uploads\/2026\/03\/TAUSTE-MARTINEZ-LAURA.jpg\" alt=\"\" title=\"\" height=\"341\" srcset=\"https:\/\/fundaciohospitalariesmartorell.org\/entre-tots\/wp-content\/uploads\/2026\/03\/TAUSTE-MARTINEZ-LAURA.jpg 261w, https:\/\/fundaciohospitalariesmartorell.org\/entre-tots\/wp-content\/uploads\/2026\/03\/TAUSTE-MARTINEZ-LAURA-230x300.jpg 230w\" sizes=\"(max-width: 261px) 100vw, 261px\" \/><\/div><\/div><\/div><\/div><\/div>\n\n\n\n<div class=\"aligncenter wp-block-ugb-feature ugb-feature ugb-4472ead ugb-feature--v2 ugb-feature--design-basic ugb-main-block\"><style>.ugb-4472ead .ugb-img{border-radius:8px}.ugb-4472ead .ugb-feature__title{color:var(--theme-palette-color-1,#8c124e)}@media screen and (min-width:768px){.ugb-4472ead .ugb-feature__item{grid-template-columns:1.42fr 0.58fr !important}.ugb-4472ead .ugb-img{border-radius:8px;width:260px;height:auto !important}}<\/style><div class=\"ugb-inner-block\"><div class=\"ugb-block-content\"><div class=\"ugb-feature__item\"><div class=\"ugb-feature__content\"><h3 class=\"ugb-feature__title\">Nuria Bautista C\u00e1ceres<\/h3><p class=\"ugb-feature__description\"><strong>Auxiliar d&#8217;Infermeria &#8211; \u00c0rea d&#8217;Atenci\u00f3 Interm\u00e8dia<\/strong><br><br>&#8220;Formar parte del hospital y conseguir una plaza supone estabilidad, reconocimiento al esfuerzo y la tranquilidad de&nbsp;poder crecer profesionalmente cuidando de los dem\u00e1s con seguridad y vocaci\u00f3n.\u201d<\/p><\/div><div class=\"ugb-feature__image-side\"><img decoding=\"async\" class=\"ugb-feature__image ugb-img wp-image-12930 ugb-image--shape-stretch ugb--shadow-2\" src=\"https:\/\/fundaciohospitalariesmartorell.org\/entre-tots\/wp-content\/uploads\/2026\/03\/BAUTISTA-CACERES-NURIA.jpg\" alt=\"\" title=\"\" height=\"342\" srcset=\"https:\/\/fundaciohospitalariesmartorell.org\/entre-tots\/wp-content\/uploads\/2026\/03\/BAUTISTA-CACERES-NURIA.jpg 260w, https:\/\/fundaciohospitalariesmartorell.org\/entre-tots\/wp-content\/uploads\/2026\/03\/BAUTISTA-CACERES-NURIA-228x300.jpg 228w\" sizes=\"(max-width: 260px) 100vw, 260px\" \/><\/div><\/div><\/div><\/div><\/div>\n\n\n\n<div class=\"aligncenter wp-block-ugb-feature ugb-feature ugb-58ced9d ugb-feature--v2 ugb-feature--design-basic ugb-feature--invert ugb-main-block\"><style>.ugb-58ced9d .ugb-img{border-radius:8px}.ugb-58ced9d .ugb-feature__title{color:var(--theme-palette-color-1,#8c124e)}@media screen and (min-width:768px){.ugb-58ced9d .ugb-feature__item{grid-template-columns:0.58fr 1.42fr !important}.ugb-58ced9d .ugb-img{border-radius:8px;width:260px;height:auto !important}}<\/style><div class=\"ugb-inner-block\"><div class=\"ugb-block-content\"><div class=\"ugb-feature__item\"><div class=\"ugb-feature__content\"><h3 class=\"ugb-feature__title\">J\u00falia Reyes Selles<\/h3><p class=\"ugb-feature__description\"><strong>Auxiliar d&#8217;Infermeria &#8211; \u00c0rea de Salut Mental<\/strong><br><br>&#8220;Inicio aquesta etapa amb il\u00b7lusi\u00f3 i moltes ganes de seguir creixent. Sento molt orgull de dedicar-me professionalment a l&#8217;\u00e0mbit de salut mental.\u201d<\/p><\/div><div class=\"ugb-feature__image-side\"><img decoding=\"async\" class=\"ugb-feature__image ugb-img wp-image-12931 ugb-image--shape-stretch ugb--shadow-2\" src=\"https:\/\/fundaciohospitalariesmartorell.org\/entre-tots\/wp-content\/uploads\/2026\/03\/REYES-SELLES-JULIA.jpg\" alt=\"\" title=\"\" height=\"342\" srcset=\"https:\/\/fundaciohospitalariesmartorell.org\/entre-tots\/wp-content\/uploads\/2026\/03\/REYES-SELLES-JULIA.jpg 260w, https:\/\/fundaciohospitalariesmartorell.org\/entre-tots\/wp-content\/uploads\/2026\/03\/REYES-SELLES-JULIA-228x300.jpg 228w\" sizes=\"(max-width: 260px) 100vw, 260px\" \/><\/div><\/div><\/div><\/div><\/div>\n\n\n\n<div class=\"aligncenter wp-block-ugb-feature ugb-feature ugb-bed9d2e ugb-feature--v2 ugb-feature--design-basic ugb-main-block\"><style>.ugb-bed9d2e .ugb-img{border-radius:8px}.ugb-bed9d2e .ugb-feature__title{color:var(--theme-palette-color-1,#8c124e)}@media screen and (min-width:768px){.ugb-bed9d2e .ugb-feature__item{grid-template-columns:1.42fr 0.58fr !important}.ugb-bed9d2e .ugb-img{border-radius:8px;width:261px;height:auto !important}}<\/style><div class=\"ugb-inner-block\"><div class=\"ugb-block-content\"><div class=\"ugb-feature__item\"><div class=\"ugb-feature__content\"><h3 class=\"ugb-feature__title\">Joana Plana Vidal<\/h3><p class=\"ugb-feature__description\"><strong>Treballadora Social &#8211; SRC Berga<\/strong><br><br>&#8220;Vull expressar el meu sincer agra\u00efment per l\u2019oportunitat de continuar creixent i desenvolupant-me professionalment dins la instituci\u00f3, en un entorn que em permet compaginar de manera molt positiva la meva vida laboral i personal, mantenint aix\u00ed un equilibri real en la conciliaci\u00f3. Tamb\u00e9 vull agrair de tot cor a l\u2019equip professional de Berga, pel seu acompanyament, la proximitat i el suport en la meva incorporaci\u00f3.\u201d<\/p><\/div><div class=\"ugb-feature__image-side\"><img decoding=\"async\" class=\"ugb-feature__image ugb-img wp-image-12932 ugb-image--shape-stretch ugb--shadow-2\" src=\"https:\/\/fundaciohospitalariesmartorell.org\/entre-tots\/wp-content\/uploads\/2026\/03\/PLANA-VIDAL-JOANA.jpg\" alt=\"\" title=\"\" height=\"341\" srcset=\"https:\/\/fundaciohospitalariesmartorell.org\/entre-tots\/wp-content\/uploads\/2026\/03\/PLANA-VIDAL-JOANA.jpg 261w, https:\/\/fundaciohospitalariesmartorell.org\/entre-tots\/wp-content\/uploads\/2026\/03\/PLANA-VIDAL-JOANA-230x300.jpg 230w\" sizes=\"(max-width: 261px) 100vw, 261px\" \/><\/div><\/div><\/div><\/div><\/div>\n\n\n\n<div class=\"aligncenter wp-block-ugb-feature ugb-feature ugb-2abd749 ugb-feature--v2 ugb-feature--design-basic ugb-feature--invert ugb-main-block\"><style>.ugb-2abd749 .ugb-img{border-radius:8px}.ugb-2abd749 .ugb-feature__title{color:var(--theme-palette-color-1,#8c124e)}@media screen and (min-width:768px){.ugb-2abd749 .ugb-feature__item{grid-template-columns:0.58fr 1.42fr !important}.ugb-2abd749 .ugb-img{border-radius:8px;width:260px;height:auto !important}}<\/style><div class=\"ugb-inner-block\"><div class=\"ugb-block-content\"><div class=\"ugb-feature__item\"><div class=\"ugb-feature__content\"><h3 class=\"ugb-feature__title\">Cristina Herranz Garrido<\/h3><p class=\"ugb-feature__description\"><strong>Fisioterap\u00e8uta &#8211; \u00c0rea de Rehabilitaci\u00f3 F\u00edsica<\/strong><br><br>&#8220;Entrar en la Fundaci\u00f3n Hospitalarias Martorell como fisioterapeuta me ha dado la oportunidad de reafirmar mi vocaci\u00f3n y seguir trabajando para dar vida a los a\u00f1os de las personas.\u201d<\/p><\/div><div class=\"ugb-feature__image-side\"><img decoding=\"async\" class=\"ugb-feature__image ugb-img wp-image-12933 ugb-image--shape-stretch ugb--shadow-2\" src=\"https:\/\/fundaciohospitalariesmartorell.org\/entre-tots\/wp-content\/uploads\/2026\/03\/HERRANZ-GARRIDO-CRISTINA.jpg\" alt=\"\" title=\"\" height=\"344\" srcset=\"https:\/\/fundaciohospitalariesmartorell.org\/entre-tots\/wp-content\/uploads\/2026\/03\/HERRANZ-GARRIDO-CRISTINA.jpg 260w, https:\/\/fundaciohospitalariesmartorell.org\/entre-tots\/wp-content\/uploads\/2026\/03\/HERRANZ-GARRIDO-CRISTINA-227x300.jpg 227w\" sizes=\"(max-width: 260px) 100vw, 260px\" \/><\/div><\/div><\/div><\/div><\/div>\n","protected":false},"excerpt":{"rendered":"<p>Benvingut\/da! Aquest mes s&#8217;incorporen a l&#8217;equip de la Fundaci\u00f3 Hospital\u00e0ries Martorell\u2026 Aina Galvis Vallejo Auxiliar d&#8217;Infermeria &#8211; Unitat de Diversitat Funcional (UDF) \u201cLo m\u00e1s gratificante de incorporarme a la Fundaci\u00f3n Hospitalarias es sentir que cada peque\u00f1a acci\u00f3n contribuye al bienestar y a la dignidad de las personas.\u201d Santiago Burriel G\u00f3mez Auxiliar d&#8217;Infermeria &#8211; Unitat de [&hellip;]<\/p>\n","protected":false},"author":2,"featured_media":0,"parent":0,"menu_order":0,"comment_status":"closed","ping_status":"closed","template":"","meta":{"footnotes":""},"class_list":["post-12934","page","type-page","status-publish","hentry"],"blocksy_meta":{"page_title_panel":"","has_hero_section":"disabled","9dad8f631ace193755e5712efd9714a6":"","hero_section":"type-1","hero_elements":[{"id":"custom_title","enabled":false,"heading_tag":"h1","title":"Home","__id":"2RRCVuHC4lTl60ocUIXqh"},{"id":"custom_description","enabled":false,"description_visibility":{"desktop":true,"tablet":true,"mobile":false},"__id":"fvW6EcB7qJs0dgErmH-Ew"},{"id":"custom_meta","enabled":false,"meta_elements":[{"id":"author","enabled":true,"label":"By","has_author_avatar":"yes","avatar_size":25},{"id":"post_date","enabled":true,"label":"On","date_format_source":"default","date_format":"M j, Y"},{"id":"comments","enabled":true}],"page_meta_elements":{"joined":true,"articles_count":true,"comments":true},"__id":"wsq-EDcT7KzK-Mi5WYnWL"},{"id":"breadcrumbs","enabled":false,"__id":"DViXefgHL6iWpoVGohBUB"}],"10718d59018f557af90dfeaf23a39658":"","hero_alignment1":"left","hero_alignment2":"center","hero_vertical_alignment":"center","ecb220f600a0cbb00d37673beecfad6b":"","hero_structure":"narrow","bdefc77aa7a233f13e3f7f823f3a7004":"","page_title_bg_type":"featured_image","custom_hero_background":{"attachment_id":null},"parallax":{"desktop":false,"tablet":false,"mobile":false},"094dc78d23e1d39855993b2f9b5ad59c":"","hero_height":"230px","pageTitleFont":{"family":"Default","variation":"Default","size":{"desktop":"32px","tablet":"30px","mobile":"25px"},"line-height":"1.3","letter-spacing":"CT_CSS_SKIP_RULE","text-transform":"CT_CSS_SKIP_RULE","text-decoration":"CT_CSS_SKIP_RULE"},"pageTitleFontColor":{"default":{"color":"CT_CSS_SKIP_RULEDEFAULT"}},"pageMetaFont":{"family":"Default","variation":"n6","size":{"desktop":"12px","tablet":"12px","mobile":"12px"},"line-height":"1.3","letter-spacing":"CT_CSS_SKIP_RULE","text-transform":"uppercase","text-decoration":"CT_CSS_SKIP_RULE"},"pageMetaFontColor":{"default":{"color":"CT_CSS_SKIP_RULEDEFAULT"},"hover":{"color":"CT_CSS_SKIP_RULEDEFAULT"}},"pageExcerptFont":{"family":"Default","variation":"n5","size":"CT_CSS_SKIP_RULE","line-height":"CT_CSS_SKIP_RULE","letter-spacing":"CT_CSS_SKIP_RULE","text-transform":"CT_CSS_SKIP_RULE","text-decoration":"CT_CSS_SKIP_RULE"},"pageExcerptColor":{"default":{"color":"CT_CSS_SKIP_RULEDEFAULT"}},"breadcrumbsFont":{"family":"Default","variation":"n6","size":"12px","line-height":"CT_CSS_SKIP_RULE","letter-spacing":"CT_CSS_SKIP_RULE","text-transform":"uppercase","text-decoration":"CT_CSS_SKIP_RULE"},"breadcrumbsFontColor":{"default":{"color":"CT_CSS_SKIP_RULEDEFAULT"},"initial":{"color":"CT_CSS_SKIP_RULEDEFAULT"},"hover":{"color":"CT_CSS_SKIP_RULEDEFAULT"}},"pageTitleOverlay":{"default":{"color":"rgba(41, 51, 60, 0.2)"}},"pageTitleBackground":{"background_type":"color","background_pattern":"type-1","background_image":{"attachment_id":null,"x":0,"y":0},"background_repeat":"no-repeat","background_size":"auto","background_attachment":"scroll","patternColor":{"default":{"color":"#e5e7ea"}},"backgroundColor":{"default":{"color":"#EDEFF2"}}},"cb6e33e392d12c50e8ca8328c1e2f430":"","page_structure_type":"default","content_style":"inherit","vertical_spacing_source":"custom","content_area_spacing":"bottom","background":{"background_type":"color","background_pattern":"type-1","background_image":{"attachment_id":null,"x":0,"y":0},"background_repeat":"no-repeat","background_size":"auto","background_attachment":"scroll","patternColor":{"default":{"color":"#e5e7ea"}},"backgroundColor":{"default":{"color":"CT_CSS_SKIP_RULE"}}},"content_background":{"background_type":"color","background_pattern":"type-1","background_image":{"attachment_id":null,"x":0,"y":0},"background_repeat":"no-repeat","background_size":"auto","background_attachment":"scroll","patternColor":{"default":{"color":"#e5e7ea"}},"backgroundColor":{"default":{"color":"#ffffff"}}},"content_boxed_spacing":{"desktop":"40px","tablet":"35px","mobile":"20px"},"content_boxed_radius":{"top":"3px","bottom":"3px","left":"3px","right":"3px","linked":true},"content_boxed_shadow":{"blur":18,"spread":-6,"v_offset":12,"h_offset":0,"inset":false,"enable":true,"color":{"color":"rgba(34, 56, 101, 0.04)"}},"b74da0a2ba3bc24dcb09eb2e9153fdb9":"","disable_featured_image":"no","disable_header":"no","disable_footer":"no","styles_descriptor":{"styles":{"desktop":"","tablet":"","mobile":""},"google_fonts":[],"version":6},"hero_margin":"0px"},"featured_image_urls_v2":{"full":"","thumbnail":"","medium":"","medium_large":"","large":"","1536x1536":"","2048x2048":"","mailpoet_newsletter_max":""},"post_excerpt_stackable_v2":"<p>Benvingut\/da!Aquest mes s&#8217;incorporen a l&#8217;equip de la Fundaci\u00f3 Hospital\u00e0ries Martorell\u2026 Aina Galvis VallejoAuxiliar d&#8217;Infermeria &#8211; Unitat de Diversitat Funcional (UDF)\u201cLo m\u00e1s gratificante de incorporarme a la Fundaci\u00f3n Hospitalarias es sentir que cada peque\u00f1a acci\u00f3n contribuye al bienestar y a la dignidad de las personas.\u201d Santiago Burriel G\u00f3mezAuxiliar d&#8217;Infermeria &#8211; Unitat de Diversitat Funcional (UDF)\u201cEstoy orgulloso de ser parte de este proyecto e ilusionado de aprender y sumar.\u201d David Andr\u00e9s Rinc\u00f3n SalazarMetge Psiquiatra &#8211; CSMA Vilafranca del Pened\u00e8s&#8220;Formar parte de esta instituci\u00f3n supone un reto profesional motivador y sobre todo un compromiso personal con el bienestar de las personas a las&hellip;<\/p>\n","category_list_v2":"","author_info_v2":{"name":"Sagrat Cor","url":"https:\/\/fundaciohospitalariesmartorell.org\/entre-tots\/author\/daniel\/"},"comments_num_v2":"0 comments","_links":{"self":[{"href":"https:\/\/fundaciohospitalariesmartorell.org\/entre-tots\/wp-json\/wp\/v2\/pages\/12934","targetHints":{"allow":["GET"]}}],"collection":[{"href":"https:\/\/fundaciohospitalariesmartorell.org\/entre-tots\/wp-json\/wp\/v2\/pages"}],"about":[{"href":"https:\/\/fundaciohospitalariesmartorell.org\/entre-tots\/wp-json\/wp\/v2\/types\/page"}],"author":[{"embeddable":true,"href":"https:\/\/fundaciohospitalariesmartorell.org\/entre-tots\/wp-json\/wp\/v2\/users\/2"}],"replies":[{"embeddable":true,"href":"https:\/\/fundaciohospitalariesmartorell.org\/entre-tots\/wp-json\/wp\/v2\/comments?post=12934"}],"version-history":[{"count":6,"href":"https:\/\/fundaciohospitalariesmartorell.org\/entre-tots\/wp-json\/wp\/v2\/pages\/12934\/revisions"}],"predecessor-version":[{"id":12950,"href":"https:\/\/fundaciohospitalariesmartorell.org\/entre-tots\/wp-json\/wp\/v2\/pages\/12934\/revisions\/12950"}],"wp:attachment":[{"href":"https:\/\/fundaciohospitalariesmartorell.org\/entre-tots\/wp-json\/wp\/v2\/media?parent=12934"}],"curies":[{"name":"wp","href":"https:\/\/api.w.org\/{rel}","templated":true}]}}